{"id":134,"date":"2025-04-08T07:14:35","date_gmt":"2025-04-08T07:14:35","guid":{"rendered":"https:\/\/mindfultech-hdw.eu\/?page_id=134"},"modified":"2025-04-08T07:19:10","modified_gmt":"2025-04-08T07:19:10","slug":"focus-group-reports","status":"publish","type":"page","link":"https:\/\/mindfultech-hdw.eu\/fr\/focus-group-reports\/","title":{"rendered":"Focus Group Reports"},"content":{"rendered":"<div data-elementor-type=\"wp-page\" data-elementor-id=\"134\" class=\"elementor elementor-134\" data-elementor-post-type=\"page\">\n\t\t\t\t<header class=\"elementor-element elementor-element-3f6285b e-con-full e-flex e-con e-parent\" data-id=\"3f6285b\" data-element_type=\"container\" data-e-type=\"container\" data-settings=\"{&quot;background_background&quot;:&quot;classic&quot;}\">\n\t\t<div class=\"elementor-element elementor-element-0bb7437 e-con-full e-flex e-con e-child\" data-id=\"0bb7437\" data-element_type=\"container\" data-e-type=\"container\">\n\t\t\t\t<div class=\"elementor-element elementor-element-02efcc6 elementor-widget elementor-widget-image\" data-id=\"02efcc6\" data-element_type=\"widget\" data-e-type=\"widget\" data-widget_type=\"image.default\">\n\t\t\t\t<div class=\"elementor-widget-container\">\n\t\t\t\t\t\t\t\t\t\t\t\t\t\t\t<img fetchpriority=\"high\" decoding=\"async\" width=\"670\" height=\"368\" src=\"https:\/\/mindfultech-hdw.eu\/wp-content\/uploads\/2025\/03\/Project-Logo.jpg\" class=\"attachment-large size-large wp-image-15\" alt=\"\" srcset=\"https:\/\/mindfultech-hdw.eu\/wp-content\/uploads\/2025\/03\/Project-Logo.jpg 670w, https:\/\/mindfultech-hdw.eu\/wp-content\/uploads\/2025\/03\/Project-Logo-300x165.jpg 300w\" sizes=\"(max-width: 670px) 100vw, 670px\" \/>\t\t\t\t\t\t\t\t\t\t\t\t\t\t\t<\/div>\n\t\t\t\t<\/div>\n\t\t\t\t<\/div>\n\t\t<div class=\"elementor-element elementor-element-b4a14b7 e-con-full e-flex e-con e-child\" data-id=\"b4a14b7\" data-element_type=\"container\" data-e-type=\"container\">\n\t\t\t\t<div class=\"elementor-element elementor-element-b609e20 elementor-nav-menu--stretch elementor-widget__width-auto elementor-nav-menu__text-align-center elementor-nav-menu--dropdown-tablet elementor-nav-menu--toggle elementor-nav-menu--burger elementor-widget elementor-widget-nav-menu\" data-id=\"b609e20\" data-element_type=\"widget\" data-e-type=\"widget\" data-settings=\"{&quot;full_width&quot;:&quot;stretch&quot;,&quot;layout&quot;:&quot;horizontal&quot;,&quot;submenu_icon&quot;:{&quot;value&quot;:&quot;&lt;svg class=\\&quot;e-font-icon-svg e-fas-caret-down\\&quot; viewBox=\\&quot;0 0 320 512\\&quot; xmlns=\\&quot;http:\\\/\\\/www.w3.org\\\/2000\\\/svg\\&quot;&gt;&lt;path d=\\&quot;M31.3 192h257.3c17.8 0 26.7 21.5 14.1 34.1L174.1 354.8c-7.8 7.8-20.5 7.8-28.3 0L17.2 226.1C4.6 213.5 13.5 192 31.3 192z\\&quot;&gt;&lt;\\\/path&gt;&lt;\\\/svg&gt;&quot;,&quot;library&quot;:&quot;fa-solid&quot;},&quot;toggle&quot;:&quot;burger&quot;}\" data-widget_type=\"nav-menu.default\">\n\t\t\t\t<div class=\"elementor-widget-container\">\n\t\t\t\t\t\t\t\t<nav aria-label=\"Menu\" class=\"elementor-nav-menu--main elementor-nav-menu__container elementor-nav-menu--layout-horizontal e--pointer-background e--animation-sweep-right\">\n\t\t\t\t<ul id=\"menu-1-b609e20\" class=\"elementor-nav-menu\"><li class=\"menu-item menu-item-type-post_type menu-item-object-page menu-item-125\"><a href=\"https:\/\/mindfultech-hdw.eu\/fr\/digital-minimalism\/\" class=\"elementor-item\">Minimalisme num\u00e9rique<\/a><\/li>\n<li class=\"menu-item menu-item-type-post_type menu-item-object-page menu-item-126\"><a href=\"https:\/\/mindfultech-hdw.eu\/fr\/digital-detox-challenges-strategies\/\" class=\"elementor-item\">D\u00e9fis et strat\u00e9gies de d\u00e9sintoxication num\u00e9rique<\/a><\/li>\n<li class=\"menu-item menu-item-type-post_type menu-item-object-page menu-item-127\"><a href=\"https:\/\/mindfultech-hdw.eu\/fr\/e-guide\/\" class=\"elementor-item\">E-Guide<\/a><\/li>\n<li class=\"menu-item menu-item-type-post_type menu-item-object-page menu-item-153\"><a href=\"https:\/\/mindfultech-hdw.eu\/fr\/resources\/\" class=\"elementor-item\">Ressources<\/a><\/li>\n<\/ul>\t\t\t<\/nav>\n\t\t\t\t\t<div class=\"elementor-menu-toggle\" role=\"button\" tabindex=\"0\" aria-label=\"Menu Toggle\" aria-expanded=\"false\">\n\t\t\t<svg aria-hidden=\"true\" role=\"presentation\" class=\"elementor-menu-toggle__icon--open e-font-icon-svg e-eicon-menu-bar\" viewbox=\"0 0 1000 1000\" xmlns=\"http:\/\/www.w3.org\/2000\/svg\"><path d=\"M104 333H896C929 333 958 304 958 271S929 208 896 208H104C71 208 42 237 42 271S71 333 104 333ZM104 583H896C929 583 958 554 958 521S929 458 896 458H104C71 458 42 487 42 521S71 583 104 583ZM104 833H896C929 833 958 804 958 771S929 708 896 708H104C71 708 42 737 42 771S71 833 104 833Z\"><\/path><\/svg><svg aria-hidden=\"true\" role=\"presentation\" class=\"elementor-menu-toggle__icon--close e-font-icon-svg e-eicon-close\" viewbox=\"0 0 1000 1000\" xmlns=\"http:\/\/www.w3.org\/2000\/svg\"><path d=\"M742 167L500 408 258 167C246 154 233 150 217 150 196 150 179 158 167 167 154 179 150 196 150 212 150 229 154 242 171 254L408 500 167 742C138 771 138 800 167 829 196 858 225 858 254 829L496 587 738 829C750 842 767 846 783 846 800 846 817 842 829 829 842 817 846 804 846 783 846 767 842 750 829 737L588 500 833 258C863 229 863 200 833 171 804 137 775 137 742 167Z\"><\/path><\/svg>\t\t<\/div>\n\t\t\t\t\t<nav class=\"elementor-nav-menu--dropdown elementor-nav-menu__container\" aria-hidden=\"true\">\n\t\t\t\t<ul id=\"menu-2-b609e20\" class=\"elementor-nav-menu\"><li class=\"menu-item menu-item-type-post_type menu-item-object-page menu-item-125\"><a href=\"https:\/\/mindfultech-hdw.eu\/fr\/digital-minimalism\/\" class=\"elementor-item\" tabindex=\"-1\">Minimalisme num\u00e9rique<\/a><\/li>\n<li class=\"menu-item menu-item-type-post_type menu-item-object-page menu-item-126\"><a href=\"https:\/\/mindfultech-hdw.eu\/fr\/digital-detox-challenges-strategies\/\" class=\"elementor-item\" tabindex=\"-1\">D\u00e9fis et strat\u00e9gies de d\u00e9sintoxication num\u00e9rique<\/a><\/li>\n<li class=\"menu-item menu-item-type-post_type menu-item-object-page menu-item-127\"><a href=\"https:\/\/mindfultech-hdw.eu\/fr\/e-guide\/\" class=\"elementor-item\" tabindex=\"-1\">E-Guide<\/a><\/li>\n<li class=\"menu-item menu-item-type-post_type menu-item-object-page menu-item-153\"><a href=\"https:\/\/mindfultech-hdw.eu\/fr\/resources\/\" class=\"elementor-item\" tabindex=\"-1\">Ressources<\/a><\/li>\n<\/ul>\t\t\t<\/nav>\n\t\t\t\t\t\t<\/div>\n\t\t\t\t<\/div>\n\t\t\t\t<\/div>\n\t\t\t\t<\/header>\n\t\t<div class=\"elementor-element elementor-element-041066f e-flex e-con-boxed e-con e-parent\" data-id=\"041066f\" data-element_type=\"container\" data-e-type=\"container\" data-settings=\"{&quot;background_background&quot;:&quot;classic&quot;}\">\n\t\t\t\t\t<div class=\"e-con-inner\">\n\t\t\t\t<div class=\"elementor-element elementor-element-061b328 animated-slow elementor-invisible elementor-widget elementor-widget-heading\" data-id=\"061b328\" data-element_type=\"widget\" data-e-type=\"widget\" data-settings=\"{&quot;_animation&quot;:&quot;fadeIn&quot;}\" data-widget_type=\"heading.default\">\n\t\t\t\t<div class=\"elementor-widget-container\">\n\t\t\t\t\t<h2 class=\"elementor-heading-title elementor-size-default\">Aper\u00e7u des groupes de discussion : Les voix du terrain<\/h2>\t\t\t\t<\/div>\n\t\t\t\t<\/div>\n\t\t\t\t\t<\/div>\n\t\t\t\t<\/div>\n\t\t<div class=\"elementor-element elementor-element-da5ad69 e-con-full e-flex e-con e-parent\" data-id=\"da5ad69\" data-element_type=\"container\" data-e-type=\"container\" data-settings=\"{&quot;background_background&quot;:&quot;classic&quot;}\">\n\t\t\t\t<\/div>\n\t\t<div class=\"elementor-element elementor-element-d64441b e-flex e-con-boxed e-con e-parent\" data-id=\"d64441b\" data-element_type=\"container\" data-e-type=\"container\">\n\t\t\t\t\t<div class=\"e-con-inner\">\n\t\t<div class=\"elementor-element elementor-element-c37e30b e-con-full e-flex e-con e-child\" data-id=\"c37e30b\" data-element_type=\"container\" data-e-type=\"container\">\n\t\t\t\t<div class=\"elementor-element elementor-element-526a01d elementor-widget elementor-widget-text-editor\" data-id=\"526a01d\" data-element_type=\"widget\" data-e-type=\"widget\" data-widget_type=\"text-editor.default\">\n\t\t\t\t<div class=\"elementor-widget-container\">\n\t\t\t\t\t\t\t\t\t<p class=\"\" data-start=\"237\" data-end=\"599\">Dans le cadre de la <em data-start=\"252\" data-end=\"276\">Gu\u00e9rir les blessures num\u00e9riques<\/em> (HDW), trois organisations partenaires bas\u00e9es en France, aux Pays-Bas et en Croatie ont men\u00e9 des groupes de discussion approfondis avec des jeunes et des animateurs de jeunesse. Ces sessions ont fourni des informations pr\u00e9cieuses sur la vie num\u00e9rique des jeunes d'aujourd'hui, leurs d\u00e9fis et leurs strat\u00e9gies d'adaptation dans un monde de plus en plus connect\u00e9.<\/p><p class=\"\" data-start=\"601\" data-end=\"909\">Les discussions ont port\u00e9 sur les exp\u00e9riences des blessures num\u00e9riques telles que la cyberintimidation, la pression en ligne, la d\u00e9pendance num\u00e9rique et les luttes identitaires. Chaque groupe de discussion a explor\u00e9 la mani\u00e8re dont les jeunes abordent ces questions et comment les animateurs de jeunesse peuvent les aider au mieux \u00e0 d\u00e9velopper leur r\u00e9silience num\u00e9rique et leur bien-\u00eatre \u00e9motionnel.<\/p><p class=\"\" data-start=\"911\" data-end=\"1132\">Vous trouverez ci-dessous trois rapports individuels qui refl\u00e8tent les paysages culturels, sociaux et num\u00e9riques uniques de chaque pays. Ensemble, ils constituent la base du d\u00e9veloppement de deux r\u00e9sultats cl\u00e9s du projet HDW :<\/p><ul data-start=\"1133\" data-end=\"1206\"><li class=\"\" data-start=\"1133\" data-end=\"1174\"><p class=\"\" data-start=\"1135\" data-end=\"1174\">Le <strong data-start=\"1139\" data-end=\"1172\">Guide de poche du Gardien num\u00e9rique<\/strong><\/p><\/li><li class=\"\" data-start=\"1175\" data-end=\"1206\"><p class=\"\" data-start=\"1177\" data-end=\"1206\">Le <strong data-start=\"1181\" data-end=\"1206\">Plate-forme de technologie de l'esprit<\/strong><\/p><\/li><\/ul><p class=\"\" data-start=\"1208\" data-end=\"1364\">Ces rapports mettent en \u00e9vidence des th\u00e8mes communs \u00e0 travers les fronti\u00e8res, ainsi que des nuances locales qui permettront d'\u00e9laborer des strat\u00e9gies sur mesure pour donner aux jeunes les moyens d'agir \u00e0 l'\u00e8re num\u00e9rique.<\/p>\t\t\t\t\t\t\t\t<\/div>\n\t\t\t\t<\/div>\n\t\t\t\t<div class=\"elementor-element elementor-element-6aa93b9 elementor-align-left elementor-widget elementor-widget-button\" data-id=\"6aa93b9\" data-element_type=\"widget\" data-e-type=\"widget\" data-widget_type=\"button.default\">\n\t\t\t\t<div class=\"elementor-widget-container\">\n\t\t\t\t\t\t\t\t\t<div class=\"elementor-button-wrapper\">\n\t\t\t\t\t<a class=\"elementor-button elementor-button-link elementor-size-sm\" href=\"https:\/\/drive.google.com\/drive\/folders\/1kOHA9hritQOYZdkMQMVkIdFnQQVyGLEr?usp=drive_link\">\n\t\t\t\t\t\t<span class=\"elementor-button-content-wrapper\">\n\t\t\t\t\t\t\t\t\t<span class=\"elementor-button-text\">V\u00e9rifier les rapports<\/span>\n\t\t\t\t\t<\/span>\n\t\t\t\t\t<\/a>\n\t\t\t\t<\/div>\n\t\t\t\t\t\t\t\t<\/div>\n\t\t\t\t<\/div>\n\t\t\t\t<\/div>\n\t\t\t\t\t<\/div>\n\t\t\t\t<\/div>\n\t\t<footer class=\"elementor-element elementor-element-9ff07be e-con-full e-flex e-con e-parent\" data-id=\"9ff07be\" data-element_type=\"container\" data-e-type=\"container\" data-settings=\"{&quot;background_background&quot;:&quot;gradient&quot;}\">\n\t\t<div class=\"elementor-element elementor-element-4a2d214 e-con-full e-flex e-con e-child\" data-id=\"4a2d214\" data-element_type=\"container\" data-e-type=\"container\">\n\t\t\t\t<div class=\"elementor-element elementor-element-b851cad elementor-widget elementor-widget-image\" data-id=\"b851cad\" data-element_type=\"widget\" data-e-type=\"widget\" data-widget_type=\"image.default\">\n\t\t\t\t<div class=\"elementor-widget-container\">\n\t\t\t\t\t\t\t\t\t\t\t\t\t\t\t<img decoding=\"async\" width=\"670\" height=\"368\" src=\"https:\/\/mindfultech-hdw.eu\/wp-content\/uploads\/2025\/03\/Project-Logo.jpg\" class=\"attachment-full size-full wp-image-15\" alt=\"\" srcset=\"https:\/\/mindfultech-hdw.eu\/wp-content\/uploads\/2025\/03\/Project-Logo.jpg 670w, https:\/\/mindfultech-hdw.eu\/wp-content\/uploads\/2025\/03\/Project-Logo-300x165.jpg 300w\" sizes=\"(max-width: 670px) 100vw, 670px\" \/>\t\t\t\t\t\t\t\t\t\t\t\t\t\t\t<\/div>\n\t\t\t\t<\/div>\n\t\t\t\t<div class=\"elementor-element elementor-element-203073a elementor-widget elementor-widget-image\" data-id=\"203073a\" data-element_type=\"widget\" data-e-type=\"widget\" data-widget_type=\"image.default\">\n\t\t\t\t<div class=\"elementor-widget-container\">\n\t\t\t\t\t\t\t\t\t\t\t\t\t\t\t<img decoding=\"async\" width=\"1024\" height=\"228\" src=\"https:\/\/mindfultech-hdw.eu\/wp-content\/uploads\/2025\/03\/EN_FundedbytheEU_RGB_POS-1-1024x228.png\" class=\"attachment-large size-large wp-image-35\" alt=\"\" srcset=\"https:\/\/mindfultech-hdw.eu\/wp-content\/uploads\/2025\/03\/EN_FundedbytheEU_RGB_POS-1-1024x228.png 1024w, https:\/\/mindfultech-hdw.eu\/wp-content\/uploads\/2025\/03\/EN_FundedbytheEU_RGB_POS-1-300x67.png 300w, https:\/\/mindfultech-hdw.eu\/wp-content\/uploads\/2025\/03\/EN_FundedbytheEU_RGB_POS-1-768x171.png 768w, https:\/\/mindfultech-hdw.eu\/wp-content\/uploads\/2025\/03\/EN_FundedbytheEU_RGB_POS-1-1536x342.png 1536w, https:\/\/mindfultech-hdw.eu\/wp-content\/uploads\/2025\/03\/EN_FundedbytheEU_RGB_POS-1-2048x456.png 2048w\" sizes=\"(max-width: 1024px) 100vw, 1024px\" \/>\t\t\t\t\t\t\t\t\t\t\t\t\t\t\t<\/div>\n\t\t\t\t<\/div>\n\t\t\t\t<\/div>\n\t\t<div class=\"elementor-element elementor-element-3c5bf14 e-con-full e-flex e-con e-child\" data-id=\"3c5bf14\" data-element_type=\"container\" data-e-type=\"container\">\n\t\t\t\t<div class=\"elementor-element elementor-element-3349625 elementor-widget elementor-widget-heading\" data-id=\"3349625\" data-element_type=\"widget\" data-e-type=\"widget\" data-widget_type=\"heading.default\">\n\t\t\t\t<div class=\"elementor-widget-container\">\n\t\t\t\t\t<h4 class=\"elementor-heading-title elementor-size-default\">CLAUSE DE NON-RESPONSABILIT\u00c9<\/h4>\t\t\t\t<\/div>\n\t\t\t\t<\/div>\n\t\t\t\t<div class=\"elementor-element elementor-element-55a7b6b elementor-widget elementor-widget-text-editor\" data-id=\"55a7b6b\" data-element_type=\"widget\" data-e-type=\"widget\" data-widget_type=\"text-editor.default\">\n\t\t\t\t<div class=\"elementor-widget-container\">\n\t\t\t\t\t\t\t\t\t<p>Financ\u00e9 par l'Union europ\u00e9enne. Les points de vue et opinions exprim\u00e9s n'engagent que leurs auteurs et ne refl\u00e8tent pas n\u00e9cessairement ceux de l'Union europ\u00e9enne ou de l'Agence ex\u00e9cutive europ\u00e9enne pour l'\u00e9ducation et la culture (EACEA). Ni l'Union europ\u00e9enne ni l'EACEA ne peuvent en \u00eatre tenues pour responsables.<\/p><p>Num\u00e9ro de projet : <span class=\"OYPEnA font-feature-liga-off font-feature-clig-off font-feature-calt-off text-decoration-none text-strikethrough-none\">2023-3-NL02-KA210-YOU-000184111<\/span><\/p>\t\t\t\t\t\t\t\t<\/div>\n\t\t\t\t<\/div>\n\t\t\t\t<\/div>\n\t\t<div class=\"elementor-element elementor-element-b8c93fb e-con-full e-flex e-con e-child\" data-id=\"b8c93fb\" data-element_type=\"container\" data-e-type=\"container\">\n\t\t\t\t<div class=\"elementor-element elementor-element-da4c866 elementor-widget elementor-widget-heading\" data-id=\"da4c866\" data-element_type=\"widget\" data-e-type=\"widget\" data-widget_type=\"heading.default\">\n\t\t\t\t<div class=\"elementor-widget-container\">\n\t\t\t\t\t<h4 class=\"elementor-heading-title elementor-size-default\">Liens rapides<\/h4>\t\t\t\t<\/div>\n\t\t\t\t<\/div>\n\t\t\t\t<div class=\"elementor-element elementor-element-7962903 elementor-widget elementor-widget-heading\" data-id=\"7962903\" data-element_type=\"widget\" data-e-type=\"widget\" data-widget_type=\"heading.default\">\n\t\t\t\t<div class=\"elementor-widget-container\">\n\t\t\t\t\t<h4 class=\"elementor-heading-title elementor-size-default\">bulletins d'information<\/h4>\t\t\t\t<\/div>\n\t\t\t\t<\/div>\n\t\t\t\t<div class=\"elementor-element elementor-element-e1c4c08 elementor-widget elementor-widget-heading\" data-id=\"e1c4c08\" data-element_type=\"widget\" data-e-type=\"widget\" data-widget_type=\"heading.default\">\n\t\t\t\t<div class=\"elementor-widget-container\">\n\t\t\t\t\t<h4 class=\"elementor-heading-title elementor-size-default\"><a href=\"https:\/\/youthbuild.eu\/focus-group\/\">GUIDE DE POCHE<\/a><\/h4>\t\t\t\t<\/div>\n\t\t\t\t<\/div>\n\t\t\t\t<div class=\"elementor-element elementor-element-329e6d5 elementor-widget elementor-widget-heading\" data-id=\"329e6d5\" data-element_type=\"widget\" data-e-type=\"widget\" data-widget_type=\"heading.default\">\n\t\t\t\t<div class=\"elementor-widget-container\">\n\t\t\t\t\t<h4 class=\"elementor-heading-title elementor-size-default\"><a href=\"https:\/\/www.facebook.com\/profile.php?id=61559625113958\">Page Facebook<\/a><\/h4>\t\t\t\t<\/div>\n\t\t\t\t<\/div>\n\t\t\t\t<\/div>\n\t\t<div class=\"elementor-element elementor-element-5e3c231 e-con-full e-flex e-con e-child\" data-id=\"5e3c231\" data-element_type=\"container\" data-e-type=\"container\">\n\t\t\t\t<div class=\"elementor-element elementor-element-2b11288 elementor-widget elementor-widget-heading\" data-id=\"2b11288\" data-element_type=\"widget\" data-e-type=\"widget\" data-widget_type=\"heading.default\">\n\t\t\t\t<div class=\"elementor-widget-container\">\n\t\t\t\t\t<h4 class=\"elementor-heading-title elementor-size-default\">Bulletin d'information<\/h4>\t\t\t\t<\/div>\n\t\t\t\t<\/div>\n\t\t\t\t<div class=\"elementor-element elementor-element-b136218 elementor-button-align-stretch elementor-widget elementor-widget-form\" data-id=\"b136218\" data-element_type=\"widget\" data-e-type=\"widget\" data-settings=\"{&quot;step_next_label&quot;:&quot;Next&quot;,&quot;step_previous_label&quot;:&quot;Previous&quot;,&quot;button_width&quot;:&quot;100&quot;,&quot;step_type&quot;:&quot;number_text&quot;,&quot;step_icon_shape&quot;:&quot;circle&quot;}\" data-widget_type=\"form.default\">\n\t\t\t\t<div class=\"elementor-widget-container\">\n\t\t\t\t\t\t\t<form class=\"elementor-form\" method=\"post\" name=\"New Form\" action=\"\">\n\t\t\t<input type=\"hidden\" name=\"post_id\" value=\"134\"\/>\n\t\t\t<input type=\"hidden\" name=\"form_id\" value=\"b136218\"\/>\n\t\t\t<input type=\"hidden\" name=\"referer_title\" value=\"\" \/>\n\n\t\t\t\n\t\t\t<div class=\"elementor-form-fields-wrapper elementor-labels-above\">\n\t\t\t\t\t\t\t\t<div class=\"elementor-field-type-text elementor-field-group elementor-column elementor-field-group-name elementor-col-100\">\n\t\t\t\t\t\t\t\t\t\t\t\t<label for=\"form-field-name\" class=\"elementor-field-label\">\n\t\t\t\t\t\t\t\tNom\t\t\t\t\t\t\t<\/label>\n\t\t\t\t\t\t\t\t\t\t\t\t\t\t<input size=\"1\" type=\"text\" name=\"form_fields[name]\" id=\"form-field-name\" class=\"elementor-field elementor-size-sm  elementor-field-textual\" placeholder=\"Nom\">\n\t\t\t\t\t\t\t\t\t\t\t<\/div>\n\t\t\t\t\t\t\t\t<div class=\"elementor-field-type-email elementor-field-group elementor-column elementor-field-group-email elementor-col-100 elementor-field-required\">\n\t\t\t\t\t\t\t\t\t\t\t\t<label for=\"form-field-email\" class=\"elementor-field-label\">\n\t\t\t\t\t\t\t\tCourriel\t\t\t\t\t\t\t<\/label>\n\t\t\t\t\t\t\t\t\t\t\t\t\t\t<input size=\"1\" type=\"email\" name=\"form_fields[email]\" id=\"form-field-email\" class=\"elementor-field elementor-size-sm  elementor-field-textual\" placeholder=\"Courriel\" required=\"required\">\n\t\t\t\t\t\t\t\t\t\t\t<\/div>\n\t\t\t\t\t\t\t\t<div class=\"elementor-field-type-textarea elementor-field-group elementor-column elementor-field-group-message elementor-col-100\">\n\t\t\t\t\t\t\t\t\t\t\t\t<label for=\"form-field-message\" class=\"elementor-field-label\">\n\t\t\t\t\t\t\t\tMessage\t\t\t\t\t\t\t<\/label>\n\t\t\t\t\t\t<textarea class=\"elementor-field-textual elementor-field  elementor-size-sm\" name=\"form_fields[message]\" id=\"form-field-message\" rows=\"4\" placeholder=\"Message\"><\/textarea>\t\t\t\t<\/div>\n\t\t\t\t\t\t\t\t<div class=\"elementor-field-group elementor-column elementor-field-type-submit elementor-col-100 e-form__buttons\">\n\t\t\t\t\t<button class=\"elementor-button elementor-size-sm\" type=\"submit\">\n\t\t\t\t\t\t<span class=\"elementor-button-content-wrapper\">\n\t\t\t\t\t\t\t\t\t\t\t\t\t\t\t\t\t\t\t\t\t\t<span class=\"elementor-button-text\">Envoyer<\/span>\n\t\t\t\t\t\t\t\t\t\t\t\t\t<\/span>\n\t\t\t\t\t<\/button>\n\t\t\t\t<\/div>\n\t\t\t<\/div>\n\t\t<input type=\"hidden\" name=\"trp-form-language\" value=\"fr\"\/><\/form>\n\t\t\t\t\t\t<\/div>\n\t\t\t\t<\/div>\n\t\t\t\t<\/div>\n\t\t\t\t<\/footer>\n\t\t<div class=\"elementor-element elementor-element-7b4e148 e-flex e-con-boxed e-con e-parent\" data-id=\"7b4e148\" data-element_type=\"container\" data-e-type=\"container\" data-settings=\"{&quot;background_background&quot;:&quot;classic&quot;}\">\n\t\t\t\t\t<div class=\"e-con-inner\">\n\t\t\t\t<div class=\"elementor-element elementor-element-029703e elementor-widget elementor-widget-heading\" data-id=\"029703e\" data-element_type=\"widget\" data-e-type=\"widget\" data-widget_type=\"heading.default\">\n\t\t\t\t<div class=\"elementor-widget-container\">\n\t\t\t\t\t<p class=\"elementor-heading-title elementor-size-default\"><a href=\"http:\/\/www.tirconsults.com\">HEALING DIGITAL WOUNDS Projet Erasmus+ | D\u00e9velopp\u00e9 par TIR Consulting Group j.d.o.o<\/a><\/p>\t\t\t\t<\/div>\n\t\t\t\t<\/div>\n\t\t\t\t\t<\/div>\n\t\t\t\t<\/div>\n\t\t\t\t<\/div>","protected":false},"excerpt":{"rendered":"<p>Focus Group Insights: Voices from the Ground As part of the Healing Digital Wounds (HDW) project, three partner organizations\u2014based in France, the Netherlands, and Croatia\u2014conducted in-depth focus groups with young people and youth workers. These sessions provided valuable insights into the digital lives of today\u2019s youth, their challenges, and their coping strategies in an increasingly [&hellip;]<\/p>","protected":false},"author":1,"featured_media":0,"parent":0,"menu_order":0,"comment_status":"closed","ping_status":"closed","template":"elementor_canvas","meta":{"footnotes":""},"class_list":["post-134","page","type-page","status-publish","hentry","entry"],"aioseo_notices":[],"_links":{"self":[{"href":"https:\/\/mindfultech-hdw.eu\/fr\/wp-json\/wp\/v2\/pages\/134","targetHints":{"allow":["GET"]}}],"collection":[{"href":"https:\/\/mindfultech-hdw.eu\/fr\/wp-json\/wp\/v2\/pages"}],"about":[{"href":"https:\/\/mindfultech-hdw.eu\/fr\/wp-json\/wp\/v2\/types\/page"}],"author":[{"embeddable":true,"href":"https:\/\/mindfultech-hdw.eu\/fr\/wp-json\/wp\/v2\/users\/1"}],"replies":[{"embeddable":true,"href":"https:\/\/mindfultech-hdw.eu\/fr\/wp-json\/wp\/v2\/comments?post=134"}],"version-history":[{"count":4,"href":"https:\/\/mindfultech-hdw.eu\/fr\/wp-json\/wp\/v2\/pages\/134\/revisions"}],"predecessor-version":[{"id":142,"href":"https:\/\/mindfultech-hdw.eu\/fr\/wp-json\/wp\/v2\/pages\/134\/revisions\/142"}],"wp:attachment":[{"href":"https:\/\/mindfultech-hdw.eu\/fr\/wp-json\/wp\/v2\/media?parent=134"}],"curies":[{"name":"wp","href":"https:\/\/api.w.org\/{rel}","templated":true}]}}